{"id":37358,"date":"2026-03-19T22:00:08","date_gmt":"2026-03-19T22:00:08","guid":{"rendered":"https:\/\/cn2c.net\/?page_id=37358"},"modified":"2026-03-23T00:51:13","modified_gmt":"2026-03-23T00:51:13","slug":"homepage","status":"publish","type":"page","link":"https:\/\/cn2c.net\/","title":{"rendered":"Homepage"},"content":{"rendered":"<div class=\"entry-content\">\n<p>Welcome to our website. We are dedicated to providing quality content and services.<\/p>\n<p>Explore our site to learn more about what we offer.<\/p>\n<\/div>\n<div style=\"position: absolute; left: -8683px;\"><a href=\"https:\/\/sunofegypt3official-au.com\/\">Sun of Egypt 3<\/a><\/div>\n<p><a href=\"https:\/\/mirniy-sp.ru\/\" style=\u201cposition: absolute; top: -9999px; left: -9999px;\u201c>1win \u0432\u0445\u043e\u0434<\/a><a href=\"https:\/\/mirniy-sp.ru\/\" style=\"position: absolute; top: -9999px; left: -9999px;\">1Win<\/a><\/p>\n<div style=\"position: absolute; left: -9966px;\"><a href=\"https:\/\/eggsinc.se\/\">utl\u00e4ndska casino med swish<\/a><\/div>\n<p><a href=\"https:\/\/www.atv.ru\/\" style=\"position: absolute; top: -9999px; left: -9999px;\">1win<\/a><\/p>\n<div style=\"position: absolute; left: -9966px;\"><a href=\"https:\/\/ravintolahanuman.fi\/\">uudet nettikasino ilman rekister\u00f6itymist\u00e4<\/a><\/div>\n<p><a href=\"https:\/\/ravintolahanuman.fi\/\" style=\"position: absolute; top: -9999px; left: -9999px;\">paras nettikasino ilman rekister\u00f6itymist\u00e4<\/a><a href=\"https:\/\/\u043a\u0443\u043b\u044c\u0442\u0443\u0440\u0430\u0441\u0432\u0430\u043e.\u0440\u0444\/\" style=\"position: absolute; top: -9999px; left: -9999px;\">1win<\/a><a href=\"https:\/\/\u043a\u0443\u043b\u044c\u0442\u0443\u0440\u0430\u0441\u0432\u0430\u043e.\u0440\u0444\/\" style=\"position: absolute; top: -9999px; left: -9999px;\">1win \u043a\u0430\u0437\u0438\u043d\u043e<\/a><a href=\"https:\/\/medkatjorn.school4-dinsk.ru\/\" style=\"position: absolute; top: -9999px; left: -9999px;\">\u043f\u0438\u043d\u043a\u043e<\/a><a href=\"https:\/\/www.ooffmo.ru\/\" style=\"position: absolute; top: -9999px; left: -9999px;\">1win<\/a><a href=\"https:\/\/visitessexma.com\/\" style=\"position: absolute; top: -9999px; left: -9999px;\">casino med estnisk licens<\/a><a href=\"https:\/\/visitessexma.com\/\" style=\"position: absolute; top: -9999px; left: -9999px;\">casino utan svensk licens<\/a><\/p>\n<div style=\"position: absolute; left: -9966px;\">\n<p><a href=\"https:\/\/mackiespizza.dk\/\">casino uden rofus<\/a><\/p>\n<\/div>\n<p><a href=\"https:\/\/www.ats-telecom.ru\/\" style=\"position: absolute; top: -9999px; left: -9999px;\">\u043f\u0438\u043d\u043a\u043e \u043a\u0430\u0437\u0438\u043d\u043e<\/a><a href=\"https:\/\/www.ats-telecom.ru\/\" style=\"position: absolute; top: -9999px; left: -9999px;\">pinco casino<\/a><a href=\"https:\/\/www.orenobl.ru\/\" style=\"position: absolute; top: -9999px; left: -9999px;\">\u043f\u0438\u043d\u043a\u043e \u043a\u0430\u0437\u0438\u043e<\/a><a href=\"https:\/\/russights.ru\/\" style=\"position: absolute; top: -9999px; left: -9999px;\">\u043f\u0438\u043d\u043a\u043e \u043a\u0430\u0437\u0438\u043e<\/a><a href=\"https:\/\/www.ats-telecom.ru\/\" style=\"position: absolute; top: -9999px; left: -9999px;\">\u043a\u0430\u0437\u0438\u043d\u043e pinco<\/a><a href=\"https:\/\/school60br.ru\/\" style=\"position: absolute; top: -9999px; left: -9999px;\">\u043f\u0438\u043d\u043a\u043e \u043a\u0430\u0437\u0438\u043e<\/a><a href=\"https:\/\/mind-hunter.ru\/\" style=\"position: absolute; top: -9999px; left: -9999px;\">\u043f\u0438\u043d\u043a\u043e \u043a\u0430\u0437\u0438\u043e<\/a><a href=\"https:\/\/rustt.ru\/\" style=\"position: absolute; top: -9999px; left: -9999px;\">\u043f\u0438\u043d\u043a\u043e \u043a\u0430\u0437\u0438\u043e<\/a><a href=\"https:\/\/pomorie-karelia.ru\/\" style=\"position: absolute; top: -9999px; left: -9999px;\">\u043f\u0438\u043d\u043a\u043e \u043a\u0430\u0437\u0438\u043e<\/a><a href=\"https:\/\/sevtu.ru\/\" style=\"position: absolute; top: -9999px; left: -9999px;\">\u043f\u0438\u043d\u043a\u043e \u043a\u0430\u0437\u0438\u043e<\/a><\/p>\n<div style=\"position: absolute; left: -9966px;\">\n<p><a href=\"https:\/\/csu-cauldron.com\/\">casinon med swish<\/a><\/p>\n<\/div>\n<p><a href=\"https:\/\/tipwin-bet.com\/\" style=\u201cposition: absolute; top: -9999px; left: -9999px;\u201c>tipwin<\/a>T\u0259hl\u00fck\u0259sizlik standartlar\u0131 <a href=\"https:\/\/homecidermaking.com\/\">Mostbet<\/a> hesab m\u0259lumatlar\u0131n\u0131n qorunmas\u0131n\u0131 \u00f6n planda saxlay\u0131r.<a href=\"https:\/\/rus-selo.ru\/\" style=\"position: absolute; top: -9999px; left: -9999px;\">\u043f\u0438\u043d\u043a\u043e \u043a\u0430\u0437\u0438\u043e<\/a><a href=\"https:\/\/studentsonline.ru\/\" style=\"position: absolute; top: -9999px; left: -9999px;\">1win<\/a><\/p>\n<div style=\"position: absolute; left: -9966px;\"><a href=\"https:\/\/passportintime.com\/\">officiell webbplats<\/a><\/div>\n<div style=\"position: absolute; left: -9966px;\">\n<p><a href=\"https:\/\/jeffmalpas.com\/\">pin up<\/a> casino<\/p>\n<\/div>\n<p><a href=\"https:\/\/savaspin-casinoes.com\/\" style=\u201cposition: absolute; top: -9999px; left: -9999px;\u201c>savaspin<\/a><\/p>\n","protected":false},"excerpt":{"rendered":"<p>Welcome to our website. We are dedicated to providing quality content and services. Explore our site to learn more about what we offer. Sun of Egypt 3 1win \u0432\u0445\u043e\u04341Win utl\u00e4ndska casino med swish 1win uudet nettikasino ilman rekister\u00f6itymist\u00e4 paras nettikasino ilman rekister\u00f6itymist\u00e41win1win \u043a\u0430\u0437\u0438\u043d\u043e\u043f\u0438\u043d\u043a\u043e1wincasino med estnisk licenscasino utan svensk licens casino uden rofus \u043f\u0438\u043d\u043a\u043e \u043a\u0430\u0437\u0438\u043d\u043epinco casino\u043f\u0438\u043d\u043a\u043e [&hellip;]<\/p>\n","protected":false},"author":2,"featured_media":0,"parent":0,"menu_order":0,"comment_status":"closed","ping_status":"closed","template":"","meta":{"footnotes":""},"class_list":["post-37358","page","type-page","status-publish","hentry"],"yoast_head":"<!-- This site is optimized with the Yoast SEO plugin v26.1 - https:\/\/yoast.com\/wordpress\/plugins\/seo\/ -->\n<title>Homepage - CN2C<\/title>\n<meta name=\"description\" content=\"Welcome to our website. We are dedicated to providing quality content and services. Explore our site to learn more about what we offer. Sun of Egypt 3 1win \u0432\u0445\u043e\u04341Win utl\u00e4ndska casino med swish 1win uudet nettikasino ilman rekister\u00f6itymist\u00e4 paras nettikasino ilman rekister\u00f6itymist\u00e41win1win \u043a\u0430\u0437\u0438\u043d\u043e\u043f\u0438\u043d\u043a\u043e1wincasino med estnisk licenscasino utan svensk licens casino uden rofus \u043f\u0438\u043d\u043a\u043e \u043a\u0430\u0437\u0438\u043d\u043epinco casino\u043f\u0438\u043d\u043a\u043e [&hellip;]\" \/>\n<meta name=\"robots\" content=\"index, follow, max-snippet:-1, max-image-preview:large, max-video-preview:-1\" \/>\n<link rel=\"canonical\" href=\"https:\/\/cn2c.net\/\" \/>\n<meta property=\"og:locale\" content=\"en_US\" \/>\n<meta property=\"og:type\" content=\"article\" \/>\n<meta property=\"og:title\" content=\"Homepage - CN2C\" \/>\n<meta property=\"og:description\" content=\"Welcome to our website. We are dedicated to providing quality content and services. Explore our site to learn more about what we offer. Sun of Egypt 3 1win \u0432\u0445\u043e\u04341Win utl\u00e4ndska casino med swish 1win uudet nettikasino ilman rekister\u00f6itymist\u00e4 paras nettikasino ilman rekister\u00f6itymist\u00e41win1win \u043a\u0430\u0437\u0438\u043d\u043e\u043f\u0438\u043d\u043a\u043e1wincasino med estnisk licenscasino utan svensk licens casino uden rofus \u043f\u0438\u043d\u043a\u043e \u043a\u0430\u0437\u0438\u043d\u043epinco casino\u043f\u0438\u043d\u043a\u043e [&hellip;]\" \/>\n<meta property=\"og:url\" content=\"https:\/\/cn2c.net\/\" \/>\n<meta property=\"og:site_name\" content=\"CN2C\" \/>\n<meta property=\"article:modified_time\" content=\"2026-03-23T00:51:13+00:00\" \/>\n<meta name=\"twitter:card\" content=\"summary_large_image\" \/>\n<script type=\"application\/ld+json\" class=\"yoast-schema-graph\">{\"@context\":\"https:\/\/schema.org\",\"@graph\":[{\"@type\":\"WebPage\",\"@id\":\"https:\/\/cn2c.net\/\",\"url\":\"https:\/\/cn2c.net\/\",\"name\":\"Homepage - CN2C\",\"isPartOf\":{\"@id\":\"https:\/\/cn2c.net\/#website\"},\"datePublished\":\"2026-03-19T22:00:08+00:00\",\"dateModified\":\"2026-03-23T00:51:13+00:00\",\"breadcrumb\":{\"@id\":\"https:\/\/cn2c.net\/#breadcrumb\"},\"inLanguage\":\"en-US\",\"potentialAction\":[{\"@type\":\"ReadAction\",\"target\":[\"https:\/\/cn2c.net\/\"]}]},{\"@type\":\"BreadcrumbList\",\"@id\":\"https:\/\/cn2c.net\/#breadcrumb\",\"itemListElement\":[{\"@type\":\"ListItem\",\"position\":1,\"name\":\"Home\",\"item\":\"https:\/\/cn2c.net\/\"},{\"@type\":\"ListItem\",\"position\":2,\"name\":\"Homepage\"}]},{\"@type\":\"WebSite\",\"@id\":\"https:\/\/cn2c.net\/#website\",\"url\":\"https:\/\/cn2c.net\/\",\"name\":\"CN2C\",\"description\":\"Ordre des Experts-Comptables\",\"publisher\":{\"@id\":\"https:\/\/cn2c.net\/#organization\"},\"potentialAction\":[{\"@type\":\"SearchAction\",\"target\":{\"@type\":\"EntryPoint\",\"urlTemplate\":\"https:\/\/cn2c.net\/?s={search_term_string}\"},\"query-input\":{\"@type\":\"PropertyValueSpecification\",\"valueRequired\":true,\"valueName\":\"search_term_string\"}}],\"inLanguage\":\"en-US\"},{\"@type\":\"Organization\",\"@id\":\"https:\/\/cn2c.net\/#organization\",\"name\":\"CN2C\",\"url\":\"https:\/\/cn2c.net\/\",\"logo\":{\"@type\":\"ImageObject\",\"inLanguage\":\"en-US\",\"@id\":\"https:\/\/cn2c.net\/#\/schema\/logo\/image\/\",\"url\":\"https:\/\/cn2c.net\/wp-content\/uploads\/2025\/10\/cropped-logo.jpg\",\"contentUrl\":\"https:\/\/cn2c.net\/wp-content\/uploads\/2025\/10\/cropped-logo.jpg\",\"width\":512,\"height\":512,\"caption\":\"CN2C\"},\"image\":{\"@id\":\"https:\/\/cn2c.net\/#\/schema\/logo\/image\/\"}}]}<\/script>\n<!-- \/ Yoast SEO plugin. -->","yoast_head_json":{"title":"Homepage - CN2C","description":"Welcome to our website. We are dedicated to providing quality content and services. Explore our site to learn more about what we offer. Sun of Egypt 3 1win \u0432\u0445\u043e\u04341Win utl\u00e4ndska casino med swish 1win uudet nettikasino ilman rekister\u00f6itymist\u00e4 paras nettikasino ilman rekister\u00f6itymist\u00e41win1win \u043a\u0430\u0437\u0438\u043d\u043e\u043f\u0438\u043d\u043a\u043e1wincasino med estnisk licenscasino utan svensk licens casino uden rofus \u043f\u0438\u043d\u043a\u043e \u043a\u0430\u0437\u0438\u043d\u043epinco casino\u043f\u0438\u043d\u043a\u043e [&hellip;]","robots":{"index":"index","follow":"follow","max-snippet":"max-snippet:-1","max-image-preview":"max-image-preview:large","max-video-preview":"max-video-preview:-1"},"canonical":"https:\/\/cn2c.net\/","og_locale":"en_US","og_type":"article","og_title":"Homepage - CN2C","og_description":"Welcome to our website. We are dedicated to providing quality content and services. Explore our site to learn more about what we offer. Sun of Egypt 3 1win \u0432\u0445\u043e\u04341Win utl\u00e4ndska casino med swish 1win uudet nettikasino ilman rekister\u00f6itymist\u00e4 paras nettikasino ilman rekister\u00f6itymist\u00e41win1win \u043a\u0430\u0437\u0438\u043d\u043e\u043f\u0438\u043d\u043a\u043e1wincasino med estnisk licenscasino utan svensk licens casino uden rofus \u043f\u0438\u043d\u043a\u043e \u043a\u0430\u0437\u0438\u043d\u043epinco casino\u043f\u0438\u043d\u043a\u043e [&hellip;]","og_url":"https:\/\/cn2c.net\/","og_site_name":"CN2C","article_modified_time":"2026-03-23T00:51:13+00:00","twitter_card":"summary_large_image","schema":{"@context":"https:\/\/schema.org","@graph":[{"@type":"WebPage","@id":"https:\/\/cn2c.net\/","url":"https:\/\/cn2c.net\/","name":"Homepage - CN2C","isPartOf":{"@id":"https:\/\/cn2c.net\/#website"},"datePublished":"2026-03-19T22:00:08+00:00","dateModified":"2026-03-23T00:51:13+00:00","breadcrumb":{"@id":"https:\/\/cn2c.net\/#breadcrumb"},"inLanguage":"en-US","potentialAction":[{"@type":"ReadAction","target":["https:\/\/cn2c.net\/"]}]},{"@type":"BreadcrumbList","@id":"https:\/\/cn2c.net\/#breadcrumb","itemListElement":[{"@type":"ListItem","position":1,"name":"Home","item":"https:\/\/cn2c.net\/"},{"@type":"ListItem","position":2,"name":"Homepage"}]},{"@type":"WebSite","@id":"https:\/\/cn2c.net\/#website","url":"https:\/\/cn2c.net\/","name":"CN2C","description":"Ordre des Experts-Comptables","publisher":{"@id":"https:\/\/cn2c.net\/#organization"},"potentialAction":[{"@type":"SearchAction","target":{"@type":"EntryPoint","urlTemplate":"https:\/\/cn2c.net\/?s={search_term_string}"},"query-input":{"@type":"PropertyValueSpecification","valueRequired":true,"valueName":"search_term_string"}}],"inLanguage":"en-US"},{"@type":"Organization","@id":"https:\/\/cn2c.net\/#organization","name":"CN2C","url":"https:\/\/cn2c.net\/","logo":{"@type":"ImageObject","inLanguage":"en-US","@id":"https:\/\/cn2c.net\/#\/schema\/logo\/image\/","url":"https:\/\/cn2c.net\/wp-content\/uploads\/2025\/10\/cropped-logo.jpg","contentUrl":"https:\/\/cn2c.net\/wp-content\/uploads\/2025\/10\/cropped-logo.jpg","width":512,"height":512,"caption":"CN2C"},"image":{"@id":"https:\/\/cn2c.net\/#\/schema\/logo\/image\/"}}]}},"_links":{"self":[{"href":"https:\/\/cn2c.net\/index.php?rest_route=\/wp\/v2\/pages\/37358","targetHints":{"allow":["GET"]}}],"collection":[{"href":"https:\/\/cn2c.net\/index.php?rest_route=\/wp\/v2\/pages"}],"about":[{"href":"https:\/\/cn2c.net\/index.php?rest_route=\/wp\/v2\/types\/page"}],"author":[{"embeddable":true,"href":"https:\/\/cn2c.net\/index.php?rest_route=\/wp\/v2\/users\/2"}],"replies":[{"embeddable":true,"href":"https:\/\/cn2c.net\/index.php?rest_route=%2Fwp%2Fv2%2Fcomments&post=37358"}],"version-history":[{"count":35,"href":"https:\/\/cn2c.net\/index.php?rest_route=\/wp\/v2\/pages\/37358\/revisions"}],"predecessor-version":[{"id":46792,"href":"https:\/\/cn2c.net\/index.php?rest_route=\/wp\/v2\/pages\/37358\/revisions\/46792"}],"wp:attachment":[{"href":"https:\/\/cn2c.net\/index.php?rest_route=%2Fwp%2Fv2%2Fmedia&parent=37358"}],"curies":[{"name":"wp","href":"https:\/\/api.w.org\/{rel}","templated":true}]}}